{"id":935,"date":"2025-03-16T19:01:44","date_gmt":"2025-03-16T18:01:44","guid":{"rendered":"https:\/\/axelle-lataix.art\/?page_id=935"},"modified":"2025-03-31T16:28:00","modified_gmt":"2025-03-31T14:28:00","slug":"print-935","status":"publish","type":"page","link":"https:\/\/axelle-lataix.art\/?page_id=935","title":{"rendered":"Poster"},"content":{"rendered":"\t\t<div data-elementor-type=\"wp-page\" data-elementor-id=\"935\" class=\"elementor elementor-935\">\n\t\t\t\t<div class=\"elementor-element elementor-element-b329184 e-flex e-con-boxed wpr-particle-no wpr-jarallax-no wpr-parallax-no wpr-sticky-section-no e-con e-parent\" data-id=\"b329184\" data-element_type=\"container\">\n\t\t\t\t\t<div class=\"e-con-inner\">\n\t\t\t\t<div class=\"elementor-element elementor-element-7a39539 elementor-widget elementor-widget-heading\" data-id=\"7a39539\" data-element_type=\"widget\" data-widget_type=\"heading.default\">\n\t\t\t\t<div class=\"elementor-widget-container\">\n\t\t\t<h2 class=\"elementor-heading-title elementor-size-default\">Poster<\/h2>\t\t<\/div>\n\t\t\t\t<\/div>\n\t\t\t\t<div class=\"elementor-element elementor-element-97727b8 elementor-widget elementor-widget-heading\" data-id=\"97727b8\" data-element_type=\"widget\" data-widget_type=\"heading.default\">\n\t\t\t\t<div class=\"elementor-widget-container\">\n\t\t\t<h2 class=\"elementor-heading-title elementor-size-default\">Adobe Illustrator - Photoshop<br>2024<\/h2>\t\t<\/div>\n\t\t\t\t<\/div>\n\t\t\t\t\t<\/div>\n\t\t\t\t<\/div>\n\t\t<div class=\"elementor-element elementor-element-3d9f3af e-flex e-con-boxed wpr-particle-no wpr-jarallax-no wpr-parallax-no wpr-sticky-section-no e-con e-parent\" data-id=\"3d9f3af\" data-element_type=\"container\">\n\t\t\t\t\t<div class=\"e-con-inner\">\n\t\t<div class=\"elementor-element elementor-element-622fd4c e-con-full e-flex wpr-particle-no wpr-jarallax-no wpr-parallax-no wpr-sticky-section-no e-con e-child\" data-id=\"622fd4c\" data-element_type=\"container\">\n\t\t\t\t<div class=\"elementor-element elementor-element-346482c elementor-widget elementor-widget-image\" data-id=\"346482c\" data-element_type=\"widget\" data-widget_type=\"image.default\">\n\t\t\t\t<div class=\"elementor-widget-container\">\n\t\t\t\t\t\t\t\t\t\t\t\t\t\t<a href=\"https:\/\/axelle-lataix.art\/wp-content\/uploads\/2025\/03\/Wordpress-scaled.jpg\" data-elementor-open-lightbox=\"yes\" data-elementor-lightbox-title=\"Wordpress\" data-e-action-hash=\"#elementor-action%3Aaction%3Dlightbox%26settings%3DeyJpZCI6OTQwLCJ1cmwiOiJodHRwczpcL1wvYXhlbGxlLWxhdGFpeC5hcnRcL3dwLWNvbnRlbnRcL3VwbG9hZHNcLzIwMjVcLzAzXC9Xb3JkcHJlc3Mtc2NhbGVkLmpwZyJ9\">\n\t\t\t\t\t\t\t<img fetchpriority=\"high\" decoding=\"async\" width=\"614\" height=\"1024\" src=\"https:\/\/axelle-lataix.art\/wp-content\/uploads\/2025\/03\/Wordpress-614x1024.jpg\" class=\"attachment-large size-large wp-image-940\" alt=\"\" srcset=\"https:\/\/axelle-lataix.art\/wp-content\/uploads\/2025\/03\/Wordpress-614x1024.jpg 614w, https:\/\/axelle-lataix.art\/wp-content\/uploads\/2025\/03\/Wordpress-180x300.jpg 180w, https:\/\/axelle-lataix.art\/wp-content\/uploads\/2025\/03\/Wordpress-768x1280.jpg 768w, https:\/\/axelle-lataix.art\/wp-content\/uploads\/2025\/03\/Wordpress-921x1536.jpg 921w, https:\/\/axelle-lataix.art\/wp-content\/uploads\/2025\/03\/Wordpress-1229x2048.jpg 1229w, https:\/\/axelle-lataix.art\/wp-content\/uploads\/2025\/03\/Wordpress-scaled.jpg 1536w\" sizes=\"(max-width: 614px) 100vw, 614px\" \/>\t\t\t\t\t\t\t\t<\/a>\n\t\t\t\t\t\t\t\t\t\t\t\t\t<\/div>\n\t\t\t\t<\/div>\n\t\t\t\t<\/div>\n\t\t<div class=\"elementor-element elementor-element-3079f67 e-con-full e-flex wpr-particle-no wpr-jarallax-no wpr-parallax-no wpr-sticky-section-no e-con e-child\" data-id=\"3079f67\" data-element_type=\"container\">\n\t\t\t\t<div class=\"elementor-element elementor-element-6ddafcb elementor-widget elementor-widget-heading\" data-id=\"6ddafcb\" data-element_type=\"widget\" data-widget_type=\"heading.default\">\n\t\t\t\t<div class=\"elementor-widget-container\">\n\t\t\t<h2 class=\"elementor-heading-title elementor-size-default\">J\u2019ai cr\u00e9\u00e9 cette affiche pour explorer et perfectionner mes comp\u00e9tences en retouche photo et en composition graphique. \u00c0 l\u2019origine, la voiture \u00e9tait grise ; j\u2019ai enti\u00e8rement retravaill\u00e9 sa couleur pour lui donner une allure plus dynamique et agressive, en coh\u00e9rence avec l\u2019identit\u00e9 d\u2019Alfa Romeo. Le fond, compos\u00e9 d\u2019un ciel orageux et d\u2019une for\u00eat sombre, a \u00e9t\u00e9 con\u00e7u pour accentuer l\u2019intensit\u00e9 et la puissance de la sc\u00e8ne, tout en mettant en valeur les lignes du v\u00e9hicule. L\u2019int\u00e9gration typographique joue avec la profondeur et renforce l\u2019impact visuel de l\u2019ensemble, m\u00ealant design et storytelling.<\/h2>\t\t<\/div>\n\t\t\t\t<\/div>\n\t\t\t\t<\/div>\n\t\t\t\t\t<\/div>\n\t\t\t\t<\/div>\n\t\t\t\t<\/div>\n\t\t","protected":false},"excerpt":{"rendered":"<p>Poster Adobe Illustrator &#8211; Photoshop2024 J\u2019ai cr\u00e9\u00e9 cette affiche pour explorer et perfectionner mes comp\u00e9tences en retouche photo et en composition graphique. \u00c0 l\u2019origine, la voiture \u00e9tait grise ; j\u2019ai enti\u00e8rement retravaill\u00e9 sa couleur pour lui donner une allure plus dynamique et agressive, en coh\u00e9rence avec l\u2019identit\u00e9 d\u2019Alfa Romeo. Le fond, compos\u00e9 d\u2019un ciel orageux et d\u2019une for\u00eat sombre, a \u00e9t\u00e9 con\u00e7u pour accentuer l\u2019intensit\u00e9 et la puissance de la sc\u00e8ne, tout en mettant en valeur les lignes du v\u00e9hicule. L\u2019int\u00e9gration typographique joue avec la profondeur et renforce l\u2019impact visuel de l\u2019ensemble, m\u00ealant design et storytelling.<\/p>\n","protected":false},"author":1,"featured_media":0,"parent":0,"menu_order":0,"comment_status":"closed","ping_status":"closed","template":"","meta":{"site-sidebar-layout":"no-sidebar","site-content-layout":"","ast-site-content-layout":"full-width-container","site-content-style":"default","site-sidebar-style":"default","ast-global-header-display":"","ast-banner-title-visibility":"","ast-main-header-display":"","ast-hfb-above-header-display":"","ast-hfb-below-header-display":"","ast-hfb-mobile-header-display":"","site-post-title":"disabled","ast-breadcrumbs-content":"","ast-featured-img":"disabled","footer-sml-layout":"","theme-transparent-header-meta":"","adv-header-id-meta":"","stick-header-meta":"","header-above-stick-meta":"","header-main-stick-meta":"","header-below-stick-meta":"","astra-migrate-meta-layouts":"default","ast-page-background-enabled":"default","ast-page-background-meta":{"desktop":{"background-color":"var(--ast-global-color-4)","background-image":"","background-repeat":"repeat","background-position":"center center","background-size":"auto","background-attachment":"scroll","background-type":"","background-media":"","overlay-type":"","overlay-color":"","overlay-opacity":"","overlay-gradient":""},"tablet":{"background-color":"","background-image":"","background-repeat":"repeat","background-position":"center center","background-size":"auto","background-attachment":"scroll","background-type":"","background-media":"","overlay-type":"","overlay-color":"","overlay-opacity":"","overlay-gradient":""},"mobile":{"background-color":"","background-image":"","background-repeat":"repeat","background-position":"center center","background-size":"auto","background-attachment":"scroll","background-type":"","background-media":"","overlay-type":"","overlay-color":"","overlay-opacity":"","overlay-gradient":""}},"ast-content-background-meta":{"desktop":{"background-color":"var(--ast-global-color-5)","background-image":"","background-repeat":"repeat","background-position":"center center","background-size":"auto","background-attachment":"scroll","background-type":"","background-media":"","overlay-type":"","overlay-color":"","overlay-opacity":"","overlay-gradient":""},"tablet":{"background-color":"var(--ast-global-color-5)","background-image":"","background-repeat":"repeat","background-position":"center center","background-size":"auto","background-attachment":"scroll","background-type":"","background-media":"","overlay-type":"","overlay-color":"","overlay-opacity":"","overlay-gradient":""},"mobile":{"background-color":"var(--ast-global-color-5)","background-image":"","background-repeat":"repeat","background-position":"center center","background-size":"auto","background-attachment":"scroll","background-type":"","background-media":"","overlay-type":"","overlay-color":"","overlay-opacity":"","overlay-gradient":""}},"footnotes":""},"class_list":["post-935","page","type-page","status-publish","hentry"],"_links":{"self":[{"href":"https:\/\/axelle-lataix.art\/index.php?rest_route=\/wp\/v2\/pages\/935","targetHints":{"allow":["GET"]}}],"collection":[{"href":"https:\/\/axelle-lataix.art\/index.php?rest_route=\/wp\/v2\/pages"}],"about":[{"href":"https:\/\/axelle-lataix.art\/index.php?rest_route=\/wp\/v2\/types\/page"}],"author":[{"embeddable":true,"href":"https:\/\/axelle-lataix.art\/index.php?rest_route=\/wp\/v2\/users\/1"}],"replies":[{"embeddable":true,"href":"https:\/\/axelle-lataix.art\/index.php?rest_route=%2Fwp%2Fv2%2Fcomments&post=935"}],"version-history":[{"count":12,"href":"https:\/\/axelle-lataix.art\/index.php?rest_route=\/wp\/v2\/pages\/935\/revisions"}],"predecessor-version":[{"id":1010,"href":"https:\/\/axelle-lataix.art\/index.php?rest_route=\/wp\/v2\/pages\/935\/revisions\/1010"}],"wp:attachment":[{"href":"https:\/\/axelle-lataix.art\/index.php?rest_route=%2Fwp%2Fv2%2Fmedia&parent=935"}],"curies":[{"name":"wp","href":"https:\/\/api.w.org\/{rel}","templated":true}]}}