{"id":572,"date":"2024-11-26T11:12:00","date_gmt":"2024-11-26T10:12:00","guid":{"rendered":"https:\/\/study-web.fr\/dn3-axelle\/?page_id=572"},"modified":"2025-03-31T16:13:33","modified_gmt":"2025-03-31T14:13:33","slug":"cartecadeau572","status":"publish","type":"page","link":"https:\/\/axelle-lataix.art\/?page_id=572","title":{"rendered":"Carte Cadeau"},"content":{"rendered":"\t\t<div data-elementor-type=\"wp-page\" data-elementor-id=\"572\" class=\"elementor elementor-572\">\n\t\t\t\t<div class=\"elementor-element elementor-element-225e266 e-flex e-con-boxed wpr-particle-no wpr-jarallax-no wpr-parallax-no wpr-sticky-section-no e-con e-parent\" data-id=\"225e266\" data-element_type=\"container\">\n\t\t\t\t\t<div class=\"e-con-inner\">\n\t\t<div class=\"elementor-element elementor-element-c95710a e-con-full e-flex wpr-particle-no wpr-jarallax-no wpr-parallax-no wpr-sticky-section-no e-con e-child\" data-id=\"c95710a\" data-element_type=\"container\">\n\t\t\t\t<div class=\"elementor-element elementor-element-26ee8cd elementor-widget elementor-widget-heading\" data-id=\"26ee8cd\" data-element_type=\"widget\" data-widget_type=\"heading.default\">\n\t\t\t\t<div class=\"elementor-widget-container\">\n\t\t\t<h1 class=\"elementor-heading-title elementor-size-default\">Adobe Illustrator<\/h1>\t\t<\/div>\n\t\t\t\t<\/div>\n\t\t\t\t<\/div>\n\t\t\t\t\t<\/div>\n\t\t\t\t<\/div>\n\t\t<div class=\"elementor-element elementor-element-42658b9 e-flex e-con-boxed wpr-particle-no wpr-jarallax-no wpr-parallax-no wpr-sticky-section-no e-con e-parent\" data-id=\"42658b9\" data-element_type=\"container\">\n\t\t\t\t\t<div class=\"e-con-inner\">\n\t\t\t\t<div class=\"elementor-element elementor-element-fecf19a elementor-widget elementor-widget-heading\" data-id=\"fecf19a\" data-element_type=\"widget\" data-widget_type=\"heading.default\">\n\t\t\t\t<div class=\"elementor-widget-container\">\n\t\t\t<h2 class=\"elementor-heading-title elementor-size-default\">Carte cadeau<\/h2>\t\t<\/div>\n\t\t\t\t<\/div>\n\t\t\t\t<div class=\"elementor-element elementor-element-67caf96 elementor-widget elementor-widget-heading\" data-id=\"67caf96\" data-element_type=\"widget\" data-widget_type=\"heading.default\">\n\t\t\t\t<div class=\"elementor-widget-container\">\n\t\t\t<h2 class=\"elementor-heading-title elementor-size-default\">Adobe Illustrator<br>2024<\/h2>\t\t<\/div>\n\t\t\t\t<\/div>\n\t\t\t\t\t<\/div>\n\t\t\t\t<\/div>\n\t\t<div class=\"elementor-element elementor-element-232584b e-flex e-con-boxed wpr-particle-no wpr-jarallax-no wpr-parallax-no wpr-sticky-section-no e-con e-parent\" data-id=\"232584b\" data-element_type=\"container\">\n\t\t\t\t\t<div class=\"e-con-inner\">\n\t\t<div class=\"elementor-element elementor-element-304478d e-con-full e-flex wpr-particle-no wpr-jarallax-no wpr-parallax-no wpr-sticky-section-no e-con e-child\" data-id=\"304478d\" data-element_type=\"container\">\n\t\t\t\t<div class=\"elementor-element elementor-element-b251beb elementor-widget elementor-widget-image\" data-id=\"b251beb\" data-element_type=\"widget\" data-widget_type=\"image.default\">\n\t\t\t\t<div class=\"elementor-widget-container\">\n\t\t\t\t\t\t\t\t\t\t\t\t\t\t<a href=\"https:\/\/axelle-lataix.art\/wp-content\/uploads\/2024\/11\/CarteCadeau1.jpg\" data-elementor-open-lightbox=\"yes\" data-elementor-lightbox-title=\"CarteCadeau1\" data-e-action-hash=\"#elementor-action%3Aaction%3Dlightbox%26settings%3DeyJpZCI6NTg0LCJ1cmwiOiJodHRwczpcL1wvYXhlbGxlLWxhdGFpeC5hcnRcL3dwLWNvbnRlbnRcL3VwbG9hZHNcLzIwMjRcLzExXC9DYXJ0ZUNhZGVhdTEuanBnIn0%3D\">\n\t\t\t\t\t\t\t<img fetchpriority=\"high\" decoding=\"async\" width=\"1024\" height=\"502\" src=\"https:\/\/axelle-lataix.art\/wp-content\/uploads\/2024\/11\/CarteCadeau1-1024x502.jpg\" class=\"attachment-large size-large wp-image-584\" alt=\"\" srcset=\"https:\/\/axelle-lataix.art\/wp-content\/uploads\/2024\/11\/CarteCadeau1-1024x502.jpg 1024w, https:\/\/axelle-lataix.art\/wp-content\/uploads\/2024\/11\/CarteCadeau1-300x147.jpg 300w, https:\/\/axelle-lataix.art\/wp-content\/uploads\/2024\/11\/CarteCadeau1-768x377.jpg 768w, https:\/\/axelle-lataix.art\/wp-content\/uploads\/2024\/11\/CarteCadeau1-1536x753.jpg 1536w, https:\/\/axelle-lataix.art\/wp-content\/uploads\/2024\/11\/CarteCadeau1-2048x1005.jpg 2048w\" sizes=\"(max-width: 1024px) 100vw, 1024px\" \/>\t\t\t\t\t\t\t\t<\/a>\n\t\t\t\t\t\t\t\t\t\t\t\t\t<\/div>\n\t\t\t\t<\/div>\n\t\t\t\t<div class=\"elementor-element elementor-element-391571f elementor-widget elementor-widget-image\" data-id=\"391571f\" data-element_type=\"widget\" data-widget_type=\"image.default\">\n\t\t\t\t<div class=\"elementor-widget-container\">\n\t\t\t\t\t\t\t\t\t\t\t\t\t\t<a href=\"https:\/\/axelle-lataix.art\/wp-content\/uploads\/2024\/11\/CarteCadeau2.jpg\" data-elementor-open-lightbox=\"yes\" data-elementor-lightbox-title=\"CarteCadeau2\" data-e-action-hash=\"#elementor-action%3Aaction%3Dlightbox%26settings%3DeyJpZCI6NTgzLCJ1cmwiOiJodHRwczpcL1wvYXhlbGxlLWxhdGFpeC5hcnRcL3dwLWNvbnRlbnRcL3VwbG9hZHNcLzIwMjRcLzExXC9DYXJ0ZUNhZGVhdTIuanBnIn0%3D\">\n\t\t\t\t\t\t\t<img decoding=\"async\" width=\"1024\" height=\"502\" src=\"https:\/\/axelle-lataix.art\/wp-content\/uploads\/2024\/11\/CarteCadeau2-1024x502.jpg\" class=\"attachment-large size-large wp-image-583\" alt=\"\" srcset=\"https:\/\/axelle-lataix.art\/wp-content\/uploads\/2024\/11\/CarteCadeau2-1024x502.jpg 1024w, https:\/\/axelle-lataix.art\/wp-content\/uploads\/2024\/11\/CarteCadeau2-300x147.jpg 300w, https:\/\/axelle-lataix.art\/wp-content\/uploads\/2024\/11\/CarteCadeau2-768x377.jpg 768w, https:\/\/axelle-lataix.art\/wp-content\/uploads\/2024\/11\/CarteCadeau2-1536x753.jpg 1536w, https:\/\/axelle-lataix.art\/wp-content\/uploads\/2024\/11\/CarteCadeau2-2048x1004.jpg 2048w\" sizes=\"(max-width: 1024px) 100vw, 1024px\" \/>\t\t\t\t\t\t\t\t<\/a>\n\t\t\t\t\t\t\t\t\t\t\t\t\t<\/div>\n\t\t\t\t<\/div>\n\t\t\t\t<\/div>\n\t\t<div class=\"elementor-element elementor-element-269ebd3 e-con-full e-flex wpr-particle-no wpr-jarallax-no wpr-parallax-no wpr-sticky-section-no e-con e-child\" data-id=\"269ebd3\" data-element_type=\"container\">\n\t\t<div class=\"elementor-element elementor-element-1497998 e-con-full e-flex wpr-particle-no wpr-jarallax-no wpr-parallax-no wpr-sticky-section-no e-con e-child\" data-id=\"1497998\" data-element_type=\"container\">\n\t\t\t\t<div class=\"elementor-element elementor-element-e253bf7 elementor-widget__width-initial elementor-widget elementor-widget-text-editor\" data-id=\"e253bf7\" data-element_type=\"widget\" data-widget_type=\"text-editor.default\">\n\t\t\t\t<div class=\"elementor-widget-container\">\n\t\t\t\t\t\t\t<p>Pour c\u00e9l\u00e9brer les 20 ans de mon amie de fa\u00e7on unique, j\u2019ai cr\u00e9\u00e9 une illustration originale sp\u00e9cialement pour elle. Inspir\u00e9e de son amour pour les fleurs, les teintes douces de rose et tout ce qui est d\u00e9licat, cette carte personnalis\u00e9e capture toute la po\u00e9sie de cette belle \u00e9tape de sa vie. Imprim\u00e9e sur un papier \u00e9pais et raffin\u00e9, elle allie \u00e9l\u00e9gance et tendresse. Son format lui permet non seulement d\u2019\u00eatre un joli souvenir, mais aussi d\u2019\u00eatre r\u00e9utilis\u00e9e comme marque-page, pour l\u2019accompagner au fil de ses lectures. Un petit tr\u00e9sor \u00e0 ch\u00e9rir.<\/p>\t\t\t\t\t\t<\/div>\n\t\t\t\t<\/div>\n\t\t\t\t<\/div>\n\t\t\t\t<\/div>\n\t\t\t\t\t<\/div>\n\t\t\t\t<\/div>\n\t\t\t\t<\/div>\n\t\t","protected":false},"excerpt":{"rendered":"<p>Adobe Illustrator Carte cadeau Adobe Illustrator2024 Pour c\u00e9l\u00e9brer les 20 ans de mon amie de fa\u00e7on unique, j\u2019ai cr\u00e9\u00e9 une illustration originale sp\u00e9cialement pour elle. Inspir\u00e9e de son amour pour les fleurs, les teintes douces de rose et tout ce qui est d\u00e9licat, cette carte personnalis\u00e9e capture toute la po\u00e9sie de cette belle \u00e9tape de sa vie. Imprim\u00e9e sur un papier \u00e9pais et raffin\u00e9, elle allie \u00e9l\u00e9gance et tendresse. Son format lui permet non seulement d\u2019\u00eatre un joli souvenir, mais aussi d\u2019\u00eatre r\u00e9utilis\u00e9e comme marque-page, pour l\u2019accompagner au fil de ses lectures. Un petit tr\u00e9sor \u00e0 ch\u00e9rir.<\/p>\n","protected":false},"author":1,"featured_media":0,"parent":0,"menu_order":0,"comment_status":"closed","ping_status":"closed","template":"","meta":{"site-sidebar-layout":"no-sidebar","site-content-layout":"","ast-site-content-layout":"full-width-container","site-content-style":"default","site-sidebar-style":"default","ast-global-header-display":"","ast-banner-title-visibility":"","ast-main-header-display":"","ast-hfb-above-header-display":"","ast-hfb-below-header-display":"","ast-hfb-mobile-header-display":"","site-post-title":"disabled","ast-breadcrumbs-content":"","ast-featured-img":"disabled","footer-sml-layout":"","theme-transparent-header-meta":"","adv-header-id-meta":"","stick-header-meta":"","header-above-stick-meta":"","header-main-stick-meta":"","header-below-stick-meta":"","astra-migrate-meta-layouts":"default","ast-page-background-enabled":"default","ast-page-background-meta":{"desktop":{"background-color":"var(--ast-global-color-4)","background-image":"","background-repeat":"repeat","background-position":"center center","background-size":"auto","background-attachment":"scroll","background-type":"","background-media":"","overlay-type":"","overlay-color":"","overlay-opacity":"","overlay-gradient":""},"tablet":{"background-color":"","background-image":"","background-repeat":"repeat","background-position":"center center","background-size":"auto","background-attachment":"scroll","background-type":"","background-media":"","overlay-type":"","overlay-color":"","overlay-opacity":"","overlay-gradient":""},"mobile":{"background-color":"","background-image":"","background-repeat":"repeat","background-position":"center center","background-size":"auto","background-attachment":"scroll","background-type":"","background-media":"","overlay-type":"","overlay-color":"","overlay-opacity":"","overlay-gradient":""}},"ast-content-background-meta":{"desktop":{"background-color":"var(--ast-global-color-5)","background-image":"","background-repeat":"repeat","background-position":"center center","background-size":"auto","background-attachment":"scroll","background-type":"","background-media":"","overlay-type":"","overlay-color":"","overlay-opacity":"","overlay-gradient":""},"tablet":{"background-color":"var(--ast-global-color-5)","background-image":"","background-repeat":"repeat","background-position":"center center","background-size":"auto","background-attachment":"scroll","background-type":"","background-media":"","overlay-type":"","overlay-color":"","overlay-opacity":"","overlay-gradient":""},"mobile":{"background-color":"var(--ast-global-color-5)","background-image":"","background-repeat":"repeat","background-position":"center center","background-size":"auto","background-attachment":"scroll","background-type":"","background-media":"","overlay-type":"","overlay-color":"","overlay-opacity":"","overlay-gradient":""}},"footnotes":""},"class_list":["post-572","page","type-page","status-publish","hentry"],"_links":{"self":[{"href":"https:\/\/axelle-lataix.art\/index.php?rest_route=\/wp\/v2\/pages\/572","targetHints":{"allow":["GET"]}}],"collection":[{"href":"https:\/\/axelle-lataix.art\/index.php?rest_route=\/wp\/v2\/pages"}],"about":[{"href":"https:\/\/axelle-lataix.art\/index.php?rest_route=\/wp\/v2\/types\/page"}],"author":[{"embeddable":true,"href":"https:\/\/axelle-lataix.art\/index.php?rest_route=\/wp\/v2\/users\/1"}],"replies":[{"embeddable":true,"href":"https:\/\/axelle-lataix.art\/index.php?rest_route=%2Fwp%2Fv2%2Fcomments&post=572"}],"version-history":[{"count":30,"href":"https:\/\/axelle-lataix.art\/index.php?rest_route=\/wp\/v2\/pages\/572\/revisions"}],"predecessor-version":[{"id":995,"href":"https:\/\/axelle-lataix.art\/index.php?rest_route=\/wp\/v2\/pages\/572\/revisions\/995"}],"wp:attachment":[{"href":"https:\/\/axelle-lataix.art\/index.php?rest_route=%2Fwp%2Fv2%2Fmedia&parent=572"}],"curies":[{"name":"wp","href":"https:\/\/api.w.org\/{rel}","templated":true}]}}