{"id":519,"date":"2024-11-25T17:26:00","date_gmt":"2024-11-25T16:26:00","guid":{"rendered":"https:\/\/study-web.fr\/dn3-axelle\/?page_id=519"},"modified":"2025-03-31T17:30:57","modified_gmt":"2025-03-31T15:30:57","slug":"arrache-519","status":"publish","type":"page","link":"https:\/\/axelle-lataix.art\/?page_id=519","title":{"rendered":"Arrache"},"content":{"rendered":"\t\t<div data-elementor-type=\"wp-page\" data-elementor-id=\"519\" class=\"elementor elementor-519\">\n\t\t\t\t<div class=\"elementor-element elementor-element-225e266 e-flex e-con-boxed wpr-particle-no wpr-jarallax-no wpr-parallax-no wpr-sticky-section-no e-con e-parent\" data-id=\"225e266\" data-element_type=\"container\">\n\t\t\t\t\t<div class=\"e-con-inner\">\n\t\t<div class=\"elementor-element elementor-element-c95710a e-con-full e-flex wpr-particle-no wpr-jarallax-no wpr-parallax-no wpr-sticky-section-no e-con e-child\" data-id=\"c95710a\" data-element_type=\"container\">\n\t\t\t\t<div class=\"elementor-element elementor-element-26ee8cd elementor-widget elementor-widget-heading\" data-id=\"26ee8cd\" data-element_type=\"widget\" data-widget_type=\"heading.default\">\n\t\t\t\t<div class=\"elementor-widget-container\">\n\t\t\t<h1 class=\"elementor-heading-title elementor-size-default\">Installation - Objet - Peinture<\/h1>\t\t<\/div>\n\t\t\t\t<\/div>\n\t\t\t\t<\/div>\n\t\t\t\t\t<\/div>\n\t\t\t\t<\/div>\n\t\t<div class=\"elementor-element elementor-element-3912647 e-flex e-con-boxed wpr-particle-no wpr-jarallax-no wpr-parallax-no wpr-sticky-section-no e-con e-parent\" data-id=\"3912647\" data-element_type=\"container\">\n\t\t\t\t\t<div class=\"e-con-inner\">\n\t\t\t\t<div class=\"elementor-element elementor-element-9045b25 elementor-widget elementor-widget-heading\" data-id=\"9045b25\" data-element_type=\"widget\" data-widget_type=\"heading.default\">\n\t\t\t\t<div class=\"elementor-widget-container\">\n\t\t\t<h2 class=\"elementor-heading-title elementor-size-default\">Arrache !<\/h2>\t\t<\/div>\n\t\t\t\t<\/div>\n\t\t\t\t<div class=\"elementor-element elementor-element-03ea6f9 elementor-widget elementor-widget-heading\" data-id=\"03ea6f9\" data-element_type=\"widget\" data-widget_type=\"heading.default\">\n\t\t\t\t<div class=\"elementor-widget-container\">\n\t\t\t<h2 class=\"elementor-heading-title elementor-size-default\">Installation - Objet - Peinture<br>2021<\/h2>\t\t<\/div>\n\t\t\t\t<\/div>\n\t\t\t\t\t<\/div>\n\t\t\t\t<\/div>\n\t\t<div class=\"elementor-element elementor-element-232584b e-flex e-con-boxed wpr-particle-no wpr-jarallax-no wpr-parallax-no wpr-sticky-section-no e-con e-parent\" data-id=\"232584b\" data-element_type=\"container\">\n\t\t\t\t\t<div class=\"e-con-inner\">\n\t\t<div class=\"elementor-element elementor-element-304478d e-con-full e-flex wpr-particle-no wpr-jarallax-no wpr-parallax-no wpr-sticky-section-no e-con e-child\" data-id=\"304478d\" data-element_type=\"container\">\n\t\t\t\t<div class=\"elementor-element elementor-element-391571f elementor-widget elementor-widget-image\" data-id=\"391571f\" data-element_type=\"widget\" data-widget_type=\"image.default\">\n\t\t\t\t<div class=\"elementor-widget-container\">\n\t\t\t\t\t\t\t\t\t\t\t\t\t<img fetchpriority=\"high\" decoding=\"async\" width=\"727\" height=\"1024\" src=\"https:\/\/axelle-lataix.art\/wp-content\/uploads\/2024\/11\/LaBataille-727x1024.png\" class=\"attachment-large size-large wp-image-398\" alt=\"\" srcset=\"https:\/\/axelle-lataix.art\/wp-content\/uploads\/2024\/11\/LaBataille-727x1024.png 727w, https:\/\/axelle-lataix.art\/wp-content\/uploads\/2024\/11\/LaBataille-213x300.png 213w, https:\/\/axelle-lataix.art\/wp-content\/uploads\/2024\/11\/LaBataille-768x1082.png 768w, https:\/\/axelle-lataix.art\/wp-content\/uploads\/2024\/11\/LaBataille-1091x1536.png 1091w, https:\/\/axelle-lataix.art\/wp-content\/uploads\/2024\/11\/LaBataille-1454x2048.png 1454w\" sizes=\"(max-width: 727px) 100vw, 727px\" \/>\t\t\t\t\t\t\t\t\t\t\t\t\t<\/div>\n\t\t\t\t<\/div>\n\t\t\t\t<\/div>\n\t\t<div class=\"elementor-element elementor-element-269ebd3 e-con-full e-flex wpr-particle-no wpr-jarallax-no wpr-parallax-no wpr-sticky-section-no e-con e-child\" data-id=\"269ebd3\" data-element_type=\"container\">\n\t\t<div class=\"elementor-element elementor-element-1497998 e-con-full e-flex wpr-particle-no wpr-jarallax-no wpr-parallax-no wpr-sticky-section-no e-con e-child\" data-id=\"1497998\" data-element_type=\"container\">\n\t\t\t\t<div class=\"elementor-element elementor-element-e253bf7 elementor-widget__width-initial elementor-widget elementor-widget-text-editor\" data-id=\"e253bf7\" data-element_type=\"widget\" data-widget_type=\"text-editor.default\">\n\t\t\t\t<div class=\"elementor-widget-container\">\n\t\t\t\t\t\t\t<p>\u00ab\u00a0Arrache !\u00a0\u00bb est une installation qui repr\u00e9sente la violence dans le sport.<\/p><p>Dans l&rsquo;Antiquit\u00e9, le sport se d\u00e9finissait par des combats violents, o\u00f9 la victoire avait lieu \u00e0 la mort d\u2019un des combattants. Bien que cette forme de violence ait disparu, elle persiste toujours dans les sports modernes sous des formes plus subtiles.<\/p><p>Cette \u0153uvre critique particuli\u00e8rement la violence dans le basket, un sport o\u00f9 de nombreuses r\u00e8gles interdisent la violence physique. Pourtant, certains joueurs, dans des moments d\u2019agacement ou de frustration, utilisent des coups bas pour perturber leurs adversaires et les faire perdre leurs moyens, parfois m\u00eame en les for\u00e7ant \u00e0 commettre une faute.<\/p>\t\t\t\t\t\t<\/div>\n\t\t\t\t<\/div>\n\t\t\t\t<div class=\"elementor-element elementor-element-601de59 elementor-widget elementor-widget-text-editor\" data-id=\"601de59\" data-element_type=\"widget\" data-widget_type=\"text-editor.default\">\n\t\t\t\t<div class=\"elementor-widget-container\">\n\t\t\t\t\t\t\t<p>\u00ab\u00a0Arrache !\u00a0\u00bb cherche \u00e0 d\u00e9voiler cette violence implicite, et a une port\u00e9e cathartique, lib\u00e9rant le spectateur du poids de cette violence par son message fort et son contraste visuel. Le socle blanc et la symbolique du sang qui s\u2019en \u00e9chappe offrent un effet purificateur, permettant au spectateur de se confronter \u00e0 cette violence sans la reproduire.<\/p>\t\t\t\t\t\t<\/div>\n\t\t\t\t<\/div>\n\t\t\t\t<div class=\"elementor-element elementor-element-41beecf elementor-widget elementor-widget-heading\" data-id=\"41beecf\" data-element_type=\"widget\" data-widget_type=\"heading.default\">\n\t\t\t\t<div class=\"elementor-widget-container\">\n\t\t\t<h2 class=\"elementor-heading-title elementor-size-default\">Le titre \"Arrache !\" fait r\u00e9f\u00e9rence \u00e0 un terme couramment entendu sur les terrains de basket, un cri de guerre qui souligne la brutalit\u00e9 cach\u00e9e derri\u00e8re le jeu.<\/h2>\t\t<\/div>\n\t\t\t\t<\/div>\n\t\t\t\t<\/div>\n\t\t\t\t<\/div>\n\t\t\t\t\t<\/div>\n\t\t\t\t<\/div>\n\t\t<div class=\"elementor-element elementor-element-246652c e-flex e-con-boxed wpr-particle-no wpr-jarallax-no wpr-parallax-no wpr-sticky-section-no e-con e-parent\" data-id=\"246652c\" data-element_type=\"container\">\n\t\t\t\t\t<div class=\"e-con-inner\">\n\t\t\t\t<div class=\"elementor-element elementor-element-01b172d elementor-widget elementor-widget-heading\" data-id=\"01b172d\" data-element_type=\"widget\" data-widget_type=\"heading.default\">\n\t\t\t\t<div class=\"elementor-widget-container\">\n\t\t\t<h2 class=\"elementor-heading-title elementor-size-default\">R\u00e9f\u00e9rences artistiques\n<br>\nMon installation \"Arrache !\" s\u2019inscrit dans une d\u00e9marche critique du sport, \u00e0 l\u2019image de \"Barbie Foot\" de Chlo\u00e9 Ruchon et du street art de Paulo Ito. \n\n<br>\"Barbie Foot\" d\u00e9tourne le baby-foot en y int\u00e9grant des Barbies, interrogeant ainsi les st\u00e9r\u00e9otypes de genre dans le sport. Comme mon installation, elle transforme un objet sportif pour en r\u00e9v\u00e9ler une r\u00e9alit\u00e9 sociale cach\u00e9e, mais l\u00e0 o\u00f9 \"Arrache !\" d\u00e9nonce une pratique \u00e0 abolir, \"Barbie Foot\" joue sur l\u2019ironie et le contraste des univers.\n<br>\nL\u2019\u0153uvre de Paulo Ito, repr\u00e9sentant un enfant pleurant devant une assiette contenant un ballon de foot, critique l\u2019investissement excessif du Br\u00e9sil dans la Coupe du Monde au d\u00e9triment des besoins essentiels. Comme \"Arrache !\", elle d\u00e9voile un aspect probl\u00e9matique du sport, mais l\u00e0 o\u00f9 mon installation s\u2019inscrit dans une approche tridimensionnelle et conceptuelle, l\u2019\u0153uvre de Paulo Ito adopte une repr\u00e9sentation plus figurative et illustrative.\n<br>\nCes deux r\u00e9f\u00e9rences montrent comment le sport peut \u00eatre d\u00e9tourn\u00e9 pour mettre en lumi\u00e8re des enjeux sociaux et politiques, une d\u00e9marche au c\u0153ur de \"Arrache !\".<\/h2>\t\t<\/div>\n\t\t\t\t<\/div>\n\t\t\t\t\t<\/div>\n\t\t\t\t<\/div>\n\t\t\t\t<\/div>\n\t\t","protected":false},"excerpt":{"rendered":"<p>Installation &#8211; Objet &#8211; Peinture Arrache ! Installation &#8211; Objet &#8211; Peinture2021 \u00ab\u00a0Arrache !\u00a0\u00bb est une installation qui repr\u00e9sente la violence dans le sport. Dans l&rsquo;Antiquit\u00e9, le sport se d\u00e9finissait par des combats violents, o\u00f9 la victoire avait lieu \u00e0 la mort d\u2019un des combattants. Bien que cette forme de violence ait disparu, elle persiste toujours dans les sports modernes sous des formes plus subtiles. Cette \u0153uvre critique particuli\u00e8rement la violence dans le basket, un sport o\u00f9 de nombreuses r\u00e8gles interdisent la violence physique. Pourtant, certains joueurs, dans des moments d\u2019agacement ou de frustration, utilisent des coups bas pour perturber leurs adversaires et les faire perdre leurs moyens, parfois m\u00eame en les for\u00e7ant \u00e0 commettre une faute. \u00ab\u00a0Arrache !\u00a0\u00bb cherche \u00e0 d\u00e9voiler cette violence implicite, et a une port\u00e9e cathartique, lib\u00e9rant le spectateur du poids de cette violence par son message fort et son contraste visuel. Le socle blanc et la symbolique du sang qui s\u2019en \u00e9chappe offrent un effet purificateur, permettant au spectateur de se confronter \u00e0 cette violence sans la reproduire. Le titre \u00ab\u00a0Arrache !\u00a0\u00bb fait r\u00e9f\u00e9rence \u00e0 un terme couramment entendu sur les terrains de basket, un cri de guerre qui souligne la brutalit\u00e9 cach\u00e9e derri\u00e8re le jeu. R\u00e9f\u00e9rences artistiques Mon installation \u00ab\u00a0Arrache !\u00a0\u00bb s\u2019inscrit dans une d\u00e9marche critique du sport, \u00e0 l\u2019image de \u00ab\u00a0Barbie Foot\u00a0\u00bb de Chlo\u00e9 Ruchon et du street art de Paulo Ito. \u00ab\u00a0Barbie Foot\u00a0\u00bb d\u00e9tourne le baby-foot en y int\u00e9grant des Barbies, interrogeant ainsi les st\u00e9r\u00e9otypes de genre dans le sport. Comme mon installation, elle transforme un objet sportif pour en r\u00e9v\u00e9ler une r\u00e9alit\u00e9 sociale cach\u00e9e, mais l\u00e0 o\u00f9 \u00ab\u00a0Arrache !\u00a0\u00bb d\u00e9nonce une pratique \u00e0 abolir, \u00ab\u00a0Barbie Foot\u00a0\u00bb joue sur l\u2019ironie et le contraste des univers. L\u2019\u0153uvre de Paulo Ito, repr\u00e9sentant un enfant pleurant devant une assiette contenant un ballon de foot, critique l\u2019investissement excessif du Br\u00e9sil dans la Coupe du Monde au d\u00e9triment des besoins essentiels. Comme \u00ab\u00a0Arrache !\u00a0\u00bb, elle d\u00e9voile un aspect probl\u00e9matique du sport, mais l\u00e0 o\u00f9 mon installation s\u2019inscrit dans une approche tridimensionnelle et conceptuelle, l\u2019\u0153uvre de Paulo Ito adopte une repr\u00e9sentation plus figurative et illustrative. Ces deux r\u00e9f\u00e9rences montrent comment le sport peut \u00eatre d\u00e9tourn\u00e9 pour mettre en lumi\u00e8re des enjeux sociaux et politiques, une d\u00e9marche au c\u0153ur de \u00ab\u00a0Arrache !\u00a0\u00bb.<\/p>\n","protected":false},"author":1,"featured_media":0,"parent":0,"menu_order":0,"comment_status":"closed","ping_status":"closed","template":"","meta":{"site-sidebar-layout":"no-sidebar","site-content-layout":"","ast-site-content-layout":"full-width-container","site-content-style":"default","site-sidebar-style":"default","ast-global-header-display":"","ast-banner-title-visibility":"","ast-main-header-display":"","ast-hfb-above-header-display":"","ast-hfb-below-header-display":"","ast-hfb-mobile-header-display":"","site-post-title":"disabled","ast-breadcrumbs-content":"","ast-featured-img":"disabled","footer-sml-layout":"","theme-transparent-header-meta":"","adv-header-id-meta":"","stick-header-meta":"","header-above-stick-meta":"","header-main-stick-meta":"","header-below-stick-meta":"","astra-migrate-meta-layouts":"default","ast-page-background-enabled":"default","ast-page-background-meta":{"desktop":{"background-color":"var(--ast-global-color-4)","background-image":"","background-repeat":"repeat","background-position":"center center","background-size":"auto","background-attachment":"scroll","background-type":"","background-media":"","overlay-type":"","overlay-color":"","overlay-opacity":"","overlay-gradient":""},"tablet":{"background-color":"","background-image":"","background-repeat":"repeat","background-position":"center center","background-size":"auto","background-attachment":"scroll","background-type":"","background-media":"","overlay-type":"","overlay-color":"","overlay-opacity":"","overlay-gradient":""},"mobile":{"background-color":"","background-image":"","background-repeat":"repeat","background-position":"center center","background-size":"auto","background-attachment":"scroll","background-type":"","background-media":"","overlay-type":"","overlay-color":"","overlay-opacity":"","overlay-gradient":""}},"ast-content-background-meta":{"desktop":{"background-color":"var(--ast-global-color-5)","background-image":"","background-repeat":"repeat","background-position":"center center","background-size":"auto","background-attachment":"scroll","background-type":"","background-media":"","overlay-type":"","overlay-color":"","overlay-opacity":"","overlay-gradient":""},"tablet":{"background-color":"var(--ast-global-color-5)","background-image":"","background-repeat":"repeat","background-position":"center center","background-size":"auto","background-attachment":"scroll","background-type":"","background-media":"","overlay-type":"","overlay-color":"","overlay-opacity":"","overlay-gradient":""},"mobile":{"background-color":"var(--ast-global-color-5)","background-image":"","background-repeat":"repeat","background-position":"center center","background-size":"auto","background-attachment":"scroll","background-type":"","background-media":"","overlay-type":"","overlay-color":"","overlay-opacity":"","overlay-gradient":""}},"footnotes":""},"class_list":["post-519","page","type-page","status-publish","hentry"],"_links":{"self":[{"href":"https:\/\/axelle-lataix.art\/index.php?rest_route=\/wp\/v2\/pages\/519","targetHints":{"allow":["GET"]}}],"collection":[{"href":"https:\/\/axelle-lataix.art\/index.php?rest_route=\/wp\/v2\/pages"}],"about":[{"href":"https:\/\/axelle-lataix.art\/index.php?rest_route=\/wp\/v2\/types\/page"}],"author":[{"embeddable":true,"href":"https:\/\/axelle-lataix.art\/index.php?rest_route=\/wp\/v2\/users\/1"}],"replies":[{"embeddable":true,"href":"https:\/\/axelle-lataix.art\/index.php?rest_route=%2Fwp%2Fv2%2Fcomments&post=519"}],"version-history":[{"count":27,"href":"https:\/\/axelle-lataix.art\/index.php?rest_route=\/wp\/v2\/pages\/519\/revisions"}],"predecessor-version":[{"id":1025,"href":"https:\/\/axelle-lataix.art\/index.php?rest_route=\/wp\/v2\/pages\/519\/revisions\/1025"}],"wp:attachment":[{"href":"https:\/\/axelle-lataix.art\/index.php?rest_route=%2Fwp%2Fv2%2Fmedia&parent=519"}],"curies":[{"name":"wp","href":"https:\/\/api.w.org\/{rel}","templated":true}]}}