{"id":405,"date":"2024-11-25T15:09:26","date_gmt":"2024-11-25T14:09:26","guid":{"rendered":"https:\/\/study-web.fr\/dn3-axelle\/?page_id=405"},"modified":"2025-03-31T16:13:14","modified_gmt":"2025-03-31T14:13:14","slug":"basket-club-405","status":"publish","type":"page","link":"https:\/\/axelle-lataix.art\/?page_id=405","title":{"rendered":"Logo Basket Club"},"content":{"rendered":"\t\t<div data-elementor-type=\"wp-page\" data-elementor-id=\"405\" class=\"elementor elementor-405\">\n\t\t\t\t<div class=\"elementor-element elementor-element-b329184 e-flex e-con-boxed wpr-particle-no wpr-jarallax-no wpr-parallax-no wpr-sticky-section-no e-con e-parent\" data-id=\"b329184\" data-element_type=\"container\">\n\t\t\t\t\t<div class=\"e-con-inner\">\n\t\t\t\t<div class=\"elementor-element elementor-element-7a39539 elementor-widget elementor-widget-heading\" data-id=\"7a39539\" data-element_type=\"widget\" data-widget_type=\"heading.default\">\n\t\t\t\t<div class=\"elementor-widget-container\">\n\t\t\t<h2 class=\"elementor-heading-title elementor-size-default\">Basket club Ancerville<\/h2>\t\t<\/div>\n\t\t\t\t<\/div>\n\t\t\t\t<div class=\"elementor-element elementor-element-97727b8 elementor-widget elementor-widget-heading\" data-id=\"97727b8\" data-element_type=\"widget\" data-widget_type=\"heading.default\">\n\t\t\t\t<div class=\"elementor-widget-container\">\n\t\t\t<h2 class=\"elementor-heading-title elementor-size-default\">Adobe Illustrator<br>2022<\/h2>\t\t<\/div>\n\t\t\t\t<\/div>\n\t\t\t\t\t<\/div>\n\t\t\t\t<\/div>\n\t\t<div class=\"elementor-element elementor-element-7fd4290 e-flex e-con-boxed wpr-particle-no wpr-jarallax-no wpr-parallax-no wpr-sticky-section-no e-con e-parent\" data-id=\"7fd4290\" data-element_type=\"container\">\n\t\t\t\t\t<div class=\"e-con-inner\">\n\t\t<div class=\"elementor-element elementor-element-f2a9430 e-con-full e-flex wpr-particle-no wpr-jarallax-no wpr-parallax-no wpr-sticky-section-no e-con e-child\" data-id=\"f2a9430\" data-element_type=\"container\">\n\t\t\t\t<div class=\"elementor-element elementor-element-86f824b elementor-arrows-position-inside elementor-pagination-position-outside elementor-widget elementor-widget-image-carousel\" data-id=\"86f824b\" data-element_type=\"widget\" data-settings=\"{&quot;slides_to_show&quot;:&quot;1&quot;,&quot;navigation&quot;:&quot;both&quot;,&quot;autoplay&quot;:&quot;yes&quot;,&quot;pause_on_hover&quot;:&quot;yes&quot;,&quot;pause_on_interaction&quot;:&quot;yes&quot;,&quot;autoplay_speed&quot;:5000,&quot;infinite&quot;:&quot;yes&quot;,&quot;effect&quot;:&quot;slide&quot;,&quot;speed&quot;:500}\" data-widget_type=\"image-carousel.default\">\n\t\t\t\t<div class=\"elementor-widget-container\">\n\t\t\t\t\t<div class=\"elementor-image-carousel-wrapper swiper\" dir=\"ltr\">\n\t\t\t<div class=\"elementor-image-carousel swiper-wrapper\" aria-live=\"off\">\n\t\t\t\t\t\t\t\t<div class=\"swiper-slide\" role=\"group\" aria-roledescription=\"slide\" aria-label=\"1 sur 2\"><a data-elementor-open-lightbox=\"yes\" data-elementor-lightbox-slideshow=\"86f824b\" data-elementor-lightbox-title=\"MJC_ANCERVILLE\" data-e-action-hash=\"#elementor-action%3Aaction%3Dlightbox%26settings%3DeyJpZCI6NjQzLCJ1cmwiOiJodHRwczpcL1wvYXhlbGxlLWxhdGFpeC5hcnRcL3dwLWNvbnRlbnRcL3VwbG9hZHNcLzIwMjRcLzExXC9NSkNfQU5DRVJWSUxMRS5wbmciLCJzbGlkZXNob3ciOiI4NmY4MjRiIn0%3D\" href=\"https:\/\/axelle-lataix.art\/wp-content\/uploads\/2024\/11\/MJC_ANCERVILLE.png\"><figure class=\"swiper-slide-inner\"><img decoding=\"async\" class=\"swiper-slide-image\" src=\"https:\/\/axelle-lataix.art\/wp-content\/uploads\/2024\/11\/MJC_ANCERVILLE-1024x724.png\" alt=\"MJC_ANCERVILLE\" \/><\/figure><\/a><\/div><div class=\"swiper-slide\" role=\"group\" aria-roledescription=\"slide\" aria-label=\"2 sur 2\"><a data-elementor-open-lightbox=\"yes\" data-elementor-lightbox-slideshow=\"86f824b\" data-elementor-lightbox-title=\"MJC_ANCERVILLE_NOIR-01\" data-e-action-hash=\"#elementor-action%3Aaction%3Dlightbox%26settings%3DeyJpZCI6NDA5LCJ1cmwiOiJodHRwczpcL1wvYXhlbGxlLWxhdGFpeC5hcnRcL3dwLWNvbnRlbnRcL3VwbG9hZHNcLzIwMjRcLzExXC9NSkNfQU5DRVJWSUxMRV9OT0lSLTAxLnBuZyIsInNsaWRlc2hvdyI6Ijg2ZjgyNGIifQ%3D%3D\" href=\"https:\/\/axelle-lataix.art\/wp-content\/uploads\/2024\/11\/MJC_ANCERVILLE_NOIR-01.png\"><figure class=\"swiper-slide-inner\"><img decoding=\"async\" class=\"swiper-slide-image\" src=\"https:\/\/axelle-lataix.art\/wp-content\/uploads\/2024\/11\/MJC_ANCERVILLE_NOIR-01-1024x724.png\" alt=\"MJC_ANCERVILLE_NOIR-01\" \/><\/figure><\/a><\/div>\t\t\t<\/div>\n\t\t\t\t\t\t\t\t\t\t\t\t<div class=\"elementor-swiper-button elementor-swiper-button-prev\" role=\"button\" tabindex=\"0\">\n\t\t\t\t\t\t<svg aria-hidden=\"true\" class=\"e-font-icon-svg e-eicon-chevron-left\" viewBox=\"0 0 1000 1000\" xmlns=\"http:\/\/www.w3.org\/2000\/svg\"><path d=\"M646 125C629 125 613 133 604 142L308 442C296 454 292 471 292 487 292 504 296 521 308 533L604 854C617 867 629 875 646 875 663 875 679 871 692 858 704 846 713 829 713 812 713 796 708 779 692 767L438 487 692 225C700 217 708 204 708 187 708 171 704 154 692 142 675 129 663 125 646 125Z\"><\/path><\/svg>\t\t\t\t\t<\/div>\n\t\t\t\t\t<div class=\"elementor-swiper-button elementor-swiper-button-next\" role=\"button\" tabindex=\"0\">\n\t\t\t\t\t\t<svg aria-hidden=\"true\" class=\"e-font-icon-svg e-eicon-chevron-right\" viewBox=\"0 0 1000 1000\" xmlns=\"http:\/\/www.w3.org\/2000\/svg\"><path d=\"M696 533C708 521 713 504 713 487 713 471 708 454 696 446L400 146C388 133 375 125 354 125 338 125 325 129 313 142 300 154 292 171 292 187 292 204 296 221 308 233L563 492 304 771C292 783 288 800 288 817 288 833 296 850 308 863 321 871 338 875 354 875 371 875 388 867 400 854L696 533Z\"><\/path><\/svg>\t\t\t\t\t<\/div>\n\t\t\t\t\n\t\t\t\t\t\t\t\t\t<div class=\"swiper-pagination\"><\/div>\n\t\t\t\t\t\t\t\t\t<\/div>\n\t\t\t\t<\/div>\n\t\t\t\t<\/div>\n\t\t\t\t<\/div>\n\t\t<div class=\"elementor-element elementor-element-bf59cde e-con-full e-flex wpr-particle-no wpr-jarallax-no wpr-parallax-no wpr-sticky-section-no e-con e-child\" data-id=\"bf59cde\" data-element_type=\"container\">\n\t\t<div class=\"elementor-element elementor-element-6bcbe5d e-con-full e-flex wpr-particle-no wpr-jarallax-no wpr-parallax-no wpr-sticky-section-no e-con e-child\" data-id=\"6bcbe5d\" data-element_type=\"container\">\n\t\t\t\t<div class=\"elementor-element elementor-element-e253bf7 elementor-widget__width-initial elementor-widget elementor-widget-text-editor\" data-id=\"e253bf7\" data-element_type=\"widget\" data-widget_type=\"text-editor.default\">\n\t\t\t\t<div class=\"elementor-widget-container\">\n\t\t\t\t\t\t\t<p>Dans le cadre de la mont\u00e9e en r\u00e9gion de ce club de basket, j\u2019ai eu l\u2019opportunit\u00e9 de participer \u00e0 la cr\u00e9ation du logo, unissant les joueurs autour de la mascotte embl\u00e9matique de la ville, le lion.<\/p><p>Ce choix fait \u00e9cho \u00e0 la statue du lion situ\u00e9e au centre d\u2019Ancerville, en Meuse, un monument comm\u00e9moratif d\u00e9di\u00e9 \u00e0 la bataille de la Marne de 1914. Le lion, symbole de r\u00e9sistance et de bravoure, incarne la protection du territoire fran\u00e7ais durant cette p\u00e9riode d\u00e9cisive.<\/p><p>Il repr\u00e9sente ainsi la force, la d\u00e9termination et l\u2019engagement, des valeurs que les \u00e9quipes d&rsquo;Ancerville aspirent \u00e0 transmettre.<\/p>\t\t\t\t\t\t<\/div>\n\t\t\t\t<\/div>\n\t\t\t\t<\/div>\n\t\t<div class=\"elementor-element elementor-element-dd27c3b e-con-full e-flex wpr-particle-no wpr-jarallax-no wpr-parallax-no wpr-sticky-section-no e-con e-child\" data-id=\"dd27c3b\" data-element_type=\"container\">\n\t\t\t\t<div class=\"elementor-element elementor-element-bc0e0ee elementor-widget elementor-widget-heading\" data-id=\"bc0e0ee\" data-element_type=\"widget\" data-widget_type=\"heading.default\">\n\t\t\t\t<div class=\"elementor-widget-container\">\n\t\t\t<h2 class=\"elementor-heading-title elementor-size-default\">Voici la seconde proposition que j'ai r\u00e9alis\u00e9, mais qui n'a finalement pas \u00e9t\u00e9 retenu par la MJC d'Ancerville.<\/h2>\t\t<\/div>\n\t\t\t\t<\/div>\n\t\t\t\t<\/div>\n\t\t\t\t<div class=\"elementor-element elementor-element-9272597 elementor-widget elementor-widget-image\" data-id=\"9272597\" data-element_type=\"widget\" data-widget_type=\"image.default\">\n\t\t\t\t<div class=\"elementor-widget-container\">\n\t\t\t\t\t\t\t\t\t\t\t\t\t\t<a href=\"https:\/\/axelle-lataix.art\/wp-content\/uploads\/2024\/11\/NewLogoLionnesV1-01-e1732626951994.png\" data-elementor-open-lightbox=\"yes\" data-elementor-lightbox-title=\"NewLogoLionnesV1-01\" data-e-action-hash=\"#elementor-action%3Aaction%3Dlightbox%26settings%3DeyJpZCI6NjQ0LCJ1cmwiOiJodHRwczpcL1wvYXhlbGxlLWxhdGFpeC5hcnRcL3dwLWNvbnRlbnRcL3VwbG9hZHNcLzIwMjRcLzExXC9OZXdMb2dvTGlvbm5lc1YxLTAxLWUxNzMyNjI2OTUxOTk0LnBuZyJ9\">\n\t\t\t\t\t\t\t<img fetchpriority=\"high\" decoding=\"async\" width=\"804\" height=\"1024\" src=\"https:\/\/axelle-lataix.art\/wp-content\/uploads\/2024\/11\/NewLogoLionnesV1-01-e1732626951994-804x1024.png\" class=\"attachment-large size-large wp-image-644\" alt=\"\" srcset=\"https:\/\/axelle-lataix.art\/wp-content\/uploads\/2024\/11\/NewLogoLionnesV1-01-e1732626951994-804x1024.png 804w, https:\/\/axelle-lataix.art\/wp-content\/uploads\/2024\/11\/NewLogoLionnesV1-01-e1732626951994-236x300.png 236w, https:\/\/axelle-lataix.art\/wp-content\/uploads\/2024\/11\/NewLogoLionnesV1-01-e1732626951994-768x978.png 768w, https:\/\/axelle-lataix.art\/wp-content\/uploads\/2024\/11\/NewLogoLionnesV1-01-e1732626951994-1206x1536.png 1206w, https:\/\/axelle-lataix.art\/wp-content\/uploads\/2024\/11\/NewLogoLionnesV1-01-e1732626951994-1608x2048.png 1608w\" sizes=\"(max-width: 804px) 100vw, 804px\" \/>\t\t\t\t\t\t\t\t<\/a>\n\t\t\t\t\t\t\t\t\t\t\t\t\t<\/div>\n\t\t\t\t<\/div>\n\t\t\t\t<\/div>\n\t\t\t\t\t<\/div>\n\t\t\t\t<\/div>\n\t\t<div class=\"elementor-element elementor-element-7dcd47f e-flex e-con-boxed wpr-particle-no wpr-jarallax-no wpr-parallax-no wpr-sticky-section-no e-con e-parent\" data-id=\"7dcd47f\" data-element_type=\"container\">\n\t\t\t\t\t<div class=\"e-con-inner\">\n\t\t\t\t<div class=\"elementor-element elementor-element-cd452c7 elementor-widget elementor-widget-image\" data-id=\"cd452c7\" data-element_type=\"widget\" data-widget_type=\"image.default\">\n\t\t\t\t<div class=\"elementor-widget-container\">\n\t\t\t\t\t\t\t\t\t\t\t\t\t<img decoding=\"async\" width=\"1024\" height=\"485\" src=\"https:\/\/axelle-lataix.art\/wp-content\/uploads\/2024\/11\/AncervilleAffiche-1024x485.png\" class=\"attachment-large size-large wp-image-410\" alt=\"\" srcset=\"https:\/\/axelle-lataix.art\/wp-content\/uploads\/2024\/11\/AncervilleAffiche-1024x485.png 1024w, https:\/\/axelle-lataix.art\/wp-content\/uploads\/2024\/11\/AncervilleAffiche-300x142.png 300w, https:\/\/axelle-lataix.art\/wp-content\/uploads\/2024\/11\/AncervilleAffiche-768x364.png 768w, https:\/\/axelle-lataix.art\/wp-content\/uploads\/2024\/11\/AncervilleAffiche-1536x728.png 1536w, https:\/\/axelle-lataix.art\/wp-content\/uploads\/2024\/11\/AncervilleAffiche-2048x971.png 2048w\" sizes=\"(max-width: 1024px) 100vw, 1024px\" \/>\t\t\t\t\t\t\t\t\t\t\t\t\t<\/div>\n\t\t\t\t<\/div>\n\t\t\t\t<div class=\"elementor-element elementor-element-356b961 elementor-widget elementor-widget-spacer\" data-id=\"356b961\" data-element_type=\"widget\" data-widget_type=\"spacer.default\">\n\t\t\t\t<div class=\"elementor-widget-container\">\n\t\t\t\t\t<div class=\"elementor-spacer\">\n\t\t\t<div class=\"elementor-spacer-inner\"><\/div>\n\t\t<\/div>\n\t\t\t\t<\/div>\n\t\t\t\t<\/div>\n\t\t\t\t<div class=\"elementor-element elementor-element-be74085 elementor-widget elementor-widget-heading\" data-id=\"be74085\" data-element_type=\"widget\" data-widget_type=\"heading.default\">\n\t\t\t\t<div class=\"elementor-widget-container\">\n\t\t\t<h2 class=\"elementor-heading-title elementor-size-default\">Basket club Pagny sur Meuse<\/h2>\t\t<\/div>\n\t\t\t\t<\/div>\n\t\t\t\t\t<\/div>\n\t\t\t\t<\/div>\n\t\t<div class=\"elementor-element elementor-element-86a110e e-flex e-con-boxed wpr-particle-no wpr-jarallax-no wpr-parallax-no wpr-sticky-section-no e-con e-parent\" data-id=\"86a110e\" data-element_type=\"container\">\n\t\t\t\t\t<div class=\"e-con-inner\">\n\t\t<div class=\"elementor-element elementor-element-32256e7 e-con-full e-flex wpr-particle-no wpr-jarallax-no wpr-parallax-no wpr-sticky-section-no e-con e-child\" data-id=\"32256e7\" data-element_type=\"container\">\n\t\t\t\t<div class=\"elementor-element elementor-element-2d66ed7 elementor-widget elementor-widget-text-editor\" data-id=\"2d66ed7\" data-element_type=\"widget\" data-widget_type=\"text-editor.default\">\n\t\t\t\t<div class=\"elementor-widget-container\">\n\t\t\t\t\t\t\t<p>Le club de basket de Pagny m\u2019a sollicit\u00e9 pour refaire leur logo, car le fichier PNG d\u2019origine \u00e9tait de qualit\u00e9 minimale et n\u00e9cessitait d\u2019\u00eatre converti en format vectoriel. J\u2019ai donc d\u00fb le recr\u00e9er \u00e0 la plume sur Illustrator, afin d\u2019assurer une qualit\u00e9 optimale pour les impressions sur divers supports promotionnels.<\/p>\t\t\t\t\t\t<\/div>\n\t\t\t\t<\/div>\n\t\t\t\t<div class=\"elementor-element elementor-element-d07eda1 elementor-widget elementor-widget-image\" data-id=\"d07eda1\" data-element_type=\"widget\" data-widget_type=\"image.default\">\n\t\t\t\t<div class=\"elementor-widget-container\">\n\t\t\t\t\t\t\t\t\t\t\t\t\t\t<a href=\"https:\/\/axelle-lataix.art\/wp-content\/uploads\/2024\/11\/PSMBC-01.png\" data-elementor-open-lightbox=\"yes\" data-elementor-lightbox-title=\"PSMBC-01\" data-e-action-hash=\"#elementor-action%3Aaction%3Dlightbox%26settings%3DeyJpZCI6NDA4LCJ1cmwiOiJodHRwczpcL1wvYXhlbGxlLWxhdGFpeC5hcnRcL3dwLWNvbnRlbnRcL3VwbG9hZHNcLzIwMjRcLzExXC9QU01CQy0wMS5wbmcifQ%3D%3D\">\n\t\t\t\t\t\t\t<img decoding=\"async\" width=\"1024\" height=\"749\" src=\"https:\/\/axelle-lataix.art\/wp-content\/uploads\/2024\/11\/PSMBC-01-1024x749.png\" class=\"attachment-large size-large wp-image-408\" alt=\"\" srcset=\"https:\/\/axelle-lataix.art\/wp-content\/uploads\/2024\/11\/PSMBC-01-1024x749.png 1024w, https:\/\/axelle-lataix.art\/wp-content\/uploads\/2024\/11\/PSMBC-01-300x220.png 300w, https:\/\/axelle-lataix.art\/wp-content\/uploads\/2024\/11\/PSMBC-01-768x562.png 768w, https:\/\/axelle-lataix.art\/wp-content\/uploads\/2024\/11\/PSMBC-01-1536x1124.png 1536w, https:\/\/axelle-lataix.art\/wp-content\/uploads\/2024\/11\/PSMBC-01-2048x1499.png 2048w\" sizes=\"(max-width: 1024px) 100vw, 1024px\" \/>\t\t\t\t\t\t\t\t<\/a>\n\t\t\t\t\t\t\t\t\t\t\t\t\t<\/div>\n\t\t\t\t<\/div>\n\t\t\t\t<\/div>\n\t\t\t\t<div class=\"elementor-element elementor-element-ed64cc5 elementor-widget elementor-widget-image\" data-id=\"ed64cc5\" data-element_type=\"widget\" data-widget_type=\"image.default\">\n\t\t\t\t<div class=\"elementor-widget-container\">\n\t\t\t\t\t\t\t\t\t\t\t\t\t<img loading=\"lazy\" decoding=\"async\" width=\"724\" height=\"1024\" src=\"https:\/\/axelle-lataix.art\/wp-content\/uploads\/2024\/11\/BasketPSMBC-724x1024.png\" class=\"attachment-large size-large wp-image-407\" alt=\"\" srcset=\"https:\/\/axelle-lataix.art\/wp-content\/uploads\/2024\/11\/BasketPSMBC-724x1024.png 724w, https:\/\/axelle-lataix.art\/wp-content\/uploads\/2024\/11\/BasketPSMBC-212x300.png 212w, https:\/\/axelle-lataix.art\/wp-content\/uploads\/2024\/11\/BasketPSMBC-768x1086.png 768w, https:\/\/axelle-lataix.art\/wp-content\/uploads\/2024\/11\/BasketPSMBC-1086x1536.png 1086w, https:\/\/axelle-lataix.art\/wp-content\/uploads\/2024\/11\/BasketPSMBC-1448x2048.png 1448w\" sizes=\"(max-width: 724px) 100vw, 724px\" \/>\t\t\t\t\t\t\t\t\t\t\t\t\t<\/div>\n\t\t\t\t<\/div>\n\t\t\t\t\t<\/div>\n\t\t\t\t<\/div>\n\t\t\t\t<\/div>\n\t\t","protected":false},"excerpt":{"rendered":"<p>Basket club Ancerville Adobe Illustrator2022 Dans le cadre de la mont\u00e9e en r\u00e9gion de ce club de basket, j\u2019ai eu l\u2019opportunit\u00e9 de participer \u00e0 la cr\u00e9ation du logo, unissant les joueurs autour de la mascotte embl\u00e9matique de la ville, le lion. Ce choix fait \u00e9cho \u00e0 la statue du lion situ\u00e9e au centre d\u2019Ancerville, en Meuse, un monument comm\u00e9moratif d\u00e9di\u00e9 \u00e0 la bataille de la Marne de 1914. Le lion, symbole de r\u00e9sistance et de bravoure, incarne la protection du territoire fran\u00e7ais durant cette p\u00e9riode d\u00e9cisive. Il repr\u00e9sente ainsi la force, la d\u00e9termination et l\u2019engagement, des valeurs que les \u00e9quipes d&rsquo;Ancerville aspirent \u00e0 transmettre. Voici la seconde proposition que j&rsquo;ai r\u00e9alis\u00e9, mais qui n&rsquo;a finalement pas \u00e9t\u00e9 retenu par la MJC d&rsquo;Ancerville. Basket club Pagny sur Meuse Le club de basket de Pagny m\u2019a sollicit\u00e9 pour refaire leur logo, car le fichier PNG d\u2019origine \u00e9tait de qualit\u00e9 minimale et n\u00e9cessitait d\u2019\u00eatre converti en format vectoriel. J\u2019ai donc d\u00fb le recr\u00e9er \u00e0 la plume sur Illustrator, afin d\u2019assurer une qualit\u00e9 optimale pour les impressions sur divers supports promotionnels.<\/p>\n","protected":false},"author":1,"featured_media":0,"parent":0,"menu_order":0,"comment_status":"closed","ping_status":"closed","template":"","meta":{"site-sidebar-layout":"no-sidebar","site-content-layout":"","ast-site-content-layout":"full-width-container","site-content-style":"default","site-sidebar-style":"default","ast-global-header-display":"","ast-banner-title-visibility":"","ast-main-header-display":"","ast-hfb-above-header-display":"","ast-hfb-below-header-display":"","ast-hfb-mobile-header-display":"","site-post-title":"disabled","ast-breadcrumbs-content":"","ast-featured-img":"disabled","footer-sml-layout":"","theme-transparent-header-meta":"","adv-header-id-meta":"","stick-header-meta":"","header-above-stick-meta":"","header-main-stick-meta":"","header-below-stick-meta":"","astra-migrate-meta-layouts":"default","ast-page-background-enabled":"default","ast-page-background-meta":{"desktop":{"background-color":"var(--ast-global-color-4)","background-image":"","background-repeat":"repeat","background-position":"center center","background-size":"auto","background-attachment":"scroll","background-type":"","background-media":"","overlay-type":"","overlay-color":"","overlay-opacity":"","overlay-gradient":""},"tablet":{"background-color":"","background-image":"","background-repeat":"repeat","background-position":"center center","background-size":"auto","background-attachment":"scroll","background-type":"","background-media":"","overlay-type":"","overlay-color":"","overlay-opacity":"","overlay-gradient":""},"mobile":{"background-color":"","background-image":"","background-repeat":"repeat","background-position":"center center","background-size":"auto","background-attachment":"scroll","background-type":"","background-media":"","overlay-type":"","overlay-color":"","overlay-opacity":"","overlay-gradient":""}},"ast-content-background-meta":{"desktop":{"background-color":"var(--ast-global-color-5)","background-image":"","background-repeat":"repeat","background-position":"center center","background-size":"auto","background-attachment":"scroll","background-type":"","background-media":"","overlay-type":"","overlay-color":"","overlay-opacity":"","overlay-gradient":""},"tablet":{"background-color":"var(--ast-global-color-5)","background-image":"","background-repeat":"repeat","background-position":"center center","background-size":"auto","background-attachment":"scroll","background-type":"","background-media":"","overlay-type":"","overlay-color":"","overlay-opacity":"","overlay-gradient":""},"mobile":{"background-color":"var(--ast-global-color-5)","background-image":"","background-repeat":"repeat","background-position":"center center","background-size":"auto","background-attachment":"scroll","background-type":"","background-media":"","overlay-type":"","overlay-color":"","overlay-opacity":"","overlay-gradient":""}},"footnotes":""},"class_list":["post-405","page","type-page","status-publish","hentry"],"_links":{"self":[{"href":"https:\/\/axelle-lataix.art\/index.php?rest_route=\/wp\/v2\/pages\/405","targetHints":{"allow":["GET"]}}],"collection":[{"href":"https:\/\/axelle-lataix.art\/index.php?rest_route=\/wp\/v2\/pages"}],"about":[{"href":"https:\/\/axelle-lataix.art\/index.php?rest_route=\/wp\/v2\/types\/page"}],"author":[{"embeddable":true,"href":"https:\/\/axelle-lataix.art\/index.php?rest_route=\/wp\/v2\/users\/1"}],"replies":[{"embeddable":true,"href":"https:\/\/axelle-lataix.art\/index.php?rest_route=%2Fwp%2Fv2%2Fcomments&post=405"}],"version-history":[{"count":62,"href":"https:\/\/axelle-lataix.art\/index.php?rest_route=\/wp\/v2\/pages\/405\/revisions"}],"predecessor-version":[{"id":994,"href":"https:\/\/axelle-lataix.art\/index.php?rest_route=\/wp\/v2\/pages\/405\/revisions\/994"}],"wp:attachment":[{"href":"https:\/\/axelle-lataix.art\/index.php?rest_route=%2Fwp%2Fv2%2Fmedia&parent=405"}],"curies":[{"name":"wp","href":"https:\/\/api.w.org\/{rel}","templated":true}]}}