{"id":326,"date":"2024-11-24T17:29:38","date_gmt":"2024-11-24T16:29:38","guid":{"rendered":"https:\/\/study-web.fr\/dn3-axelle\/?page_id=326"},"modified":"2025-03-31T16:19:09","modified_gmt":"2025-03-31T14:19:09","slug":"animation-fete-326","status":"publish","type":"page","link":"https:\/\/axelle-lataix.art\/?page_id=326","title":{"rendered":"Isolement"},"content":{"rendered":"\t\t<div data-elementor-type=\"wp-page\" data-elementor-id=\"326\" class=\"elementor elementor-326\">\n\t\t\t\t<div class=\"elementor-element elementor-element-1295029 e-flex e-con-boxed wpr-particle-no wpr-jarallax-no wpr-parallax-no wpr-sticky-section-no e-con e-parent\" data-id=\"1295029\" data-element_type=\"container\">\n\t\t\t\t\t<div class=\"e-con-inner\">\n\t\t\t\t<div class=\"elementor-element elementor-element-6c4a845 elementor-widget elementor-widget-heading\" data-id=\"6c4a845\" data-element_type=\"widget\" data-widget_type=\"heading.default\">\n\t\t\t\t<div class=\"elementor-widget-container\">\n\t\t\t<h2 class=\"elementor-heading-title elementor-size-default\">L'isolement<\/h2>\t\t<\/div>\n\t\t\t\t<\/div>\n\t\t\t\t<div class=\"elementor-element elementor-element-0c47f85 elementor-widget elementor-widget-heading\" data-id=\"0c47f85\" data-element_type=\"widget\" data-widget_type=\"heading.default\">\n\t\t\t\t<div class=\"elementor-widget-container\">\n\t\t\t<h2 class=\"elementor-heading-title elementor-size-default\">Adobe Illustrator - After Effect<br>DNMADe - 2023<\/h2>\t\t<\/div>\n\t\t\t\t<\/div>\n\t\t\t\t\t<\/div>\n\t\t\t\t<\/div>\n\t\t<div class=\"elementor-element elementor-element-232584b e-flex e-con-boxed wpr-particle-no wpr-jarallax-no wpr-parallax-no wpr-sticky-section-no e-con e-parent\" data-id=\"232584b\" data-element_type=\"container\">\n\t\t\t\t\t<div class=\"e-con-inner\">\n\t\t\t\t<div class=\"elementor-element elementor-element-f2ec9af elementor-widget__width-initial elementor-widget elementor-widget-video\" data-id=\"f2ec9af\" data-element_type=\"widget\" data-settings=\"{&quot;video_type&quot;:&quot;hosted&quot;,&quot;controls&quot;:&quot;yes&quot;}\" data-widget_type=\"video.default\">\n\t\t\t\t<div class=\"elementor-widget-container\">\n\t\t\t\t\t<div class=\"e-hosted-video elementor-wrapper elementor-open-inline\">\n\t\t\t\t\t<video class=\"elementor-video\" src=\"https:\/\/axelle-lataix.art\/wp-content\/uploads\/2024\/11\/Isolement.mp4\" controls=\"\" preload=\"metadata\" controlsList=\"nodownload\"><\/video>\n\t\t\t\t<\/div>\n\t\t\t\t<\/div>\n\t\t\t\t<\/div>\n\t\t<div class=\"elementor-element elementor-element-269ebd3 e-con-full e-flex wpr-particle-no wpr-jarallax-no wpr-parallax-no wpr-sticky-section-no e-con e-child\" data-id=\"269ebd3\" data-element_type=\"container\">\n\t\t<div class=\"elementor-element elementor-element-1497998 e-con-full e-flex wpr-particle-no wpr-jarallax-no wpr-parallax-no wpr-sticky-section-no e-con e-child\" data-id=\"1497998\" data-element_type=\"container\">\n\t\t\t\t<div class=\"elementor-element elementor-element-e253bf7 elementor-widget__width-initial elementor-widget elementor-widget-text-editor\" data-id=\"e253bf7\" data-element_type=\"widget\" data-widget_type=\"text-editor.default\">\n\t\t\t\t<div class=\"elementor-widget-container\">\n\t\t\t\t\t\t\t<p>Dans le cadre d\u2019un projet de pr\u00e9vention, il nous a \u00e9t\u00e9 demand\u00e9 d\u2019imaginer une repr\u00e9sentation graphique d\u2019un sentiment.<\/p><p>J\u2019ai choisi de travailler sur l\u2019isolement, un th\u00e8me qui m\u2019a permis d\u2019explorer des notions comme le vide, la distance et la s\u00e9paration.<\/p><p>\u00c0 travers une composition centr\u00e9e sur une figure solitaire entour\u00e9e du vide, associ\u00e9e \u00e0 une palette de tons froids et sombres, j\u2019ai cherch\u00e9 \u00e0 traduire visuellement le poids et la vuln\u00e9rabilit\u00e9 de ce sentiment.<\/p>\t\t\t\t\t\t<\/div>\n\t\t\t\t<\/div>\n\t\t\t\t<\/div>\n\t\t\t\t<\/div>\n\t\t\t\t\t<\/div>\n\t\t\t\t<\/div>\n\t\t\t\t<\/div>\n\t\t","protected":false},"excerpt":{"rendered":"<p>L&rsquo;isolement Adobe Illustrator &#8211; After EffectDNMADe &#8211; 2023 https:\/\/axelle-lataix.art\/wp-content\/uploads\/2024\/11\/Isolement.mp4 Dans le cadre d\u2019un projet de pr\u00e9vention, il nous a \u00e9t\u00e9 demand\u00e9 d\u2019imaginer une repr\u00e9sentation graphique d\u2019un sentiment. J\u2019ai choisi de travailler sur l\u2019isolement, un th\u00e8me qui m\u2019a permis d\u2019explorer des notions comme le vide, la distance et la s\u00e9paration. \u00c0 travers une composition centr\u00e9e sur une figure solitaire entour\u00e9e du vide, associ\u00e9e \u00e0 une palette de tons froids et sombres, j\u2019ai cherch\u00e9 \u00e0 traduire visuellement le poids et la vuln\u00e9rabilit\u00e9 de ce sentiment.<\/p>\n","protected":false},"author":1,"featured_media":0,"parent":0,"menu_order":0,"comment_status":"closed","ping_status":"closed","template":"","meta":{"site-sidebar-layout":"no-sidebar","site-content-layout":"","ast-site-content-layout":"full-width-container","site-content-style":"default","site-sidebar-style":"default","ast-global-header-display":"","ast-banner-title-visibility":"","ast-main-header-display":"","ast-hfb-above-header-display":"","ast-hfb-below-header-display":"","ast-hfb-mobile-header-display":"","site-post-title":"disabled","ast-breadcrumbs-content":"","ast-featured-img":"disabled","footer-sml-layout":"","theme-transparent-header-meta":"","adv-header-id-meta":"","stick-header-meta":"","header-above-stick-meta":"","header-main-stick-meta":"","header-below-stick-meta":"","astra-migrate-meta-layouts":"default","ast-page-background-enabled":"default","ast-page-background-meta":{"desktop":{"background-color":"var(--ast-global-color-4)","background-image":"","background-repeat":"repeat","background-position":"center center","background-size":"auto","background-attachment":"scroll","background-type":"","background-media":"","overlay-type":"","overlay-color":"","overlay-opacity":"","overlay-gradient":""},"tablet":{"background-color":"","background-image":"","background-repeat":"repeat","background-position":"center center","background-size":"auto","background-attachment":"scroll","background-type":"","background-media":"","overlay-type":"","overlay-color":"","overlay-opacity":"","overlay-gradient":""},"mobile":{"background-color":"","background-image":"","background-repeat":"repeat","background-position":"center center","background-size":"auto","background-attachment":"scroll","background-type":"","background-media":"","overlay-type":"","overlay-color":"","overlay-opacity":"","overlay-gradient":""}},"ast-content-background-meta":{"desktop":{"background-color":"var(--ast-global-color-5)","background-image":"","background-repeat":"repeat","background-position":"center center","background-size":"auto","background-attachment":"scroll","background-type":"","background-media":"","overlay-type":"","overlay-color":"","overlay-opacity":"","overlay-gradient":""},"tablet":{"background-color":"var(--ast-global-color-5)","background-image":"","background-repeat":"repeat","background-position":"center center","background-size":"auto","background-attachment":"scroll","background-type":"","background-media":"","overlay-type":"","overlay-color":"","overlay-opacity":"","overlay-gradient":""},"mobile":{"background-color":"var(--ast-global-color-5)","background-image":"","background-repeat":"repeat","background-position":"center center","background-size":"auto","background-attachment":"scroll","background-type":"","background-media":"","overlay-type":"","overlay-color":"","overlay-opacity":"","overlay-gradient":""}},"footnotes":""},"class_list":["post-326","page","type-page","status-publish","hentry"],"_links":{"self":[{"href":"https:\/\/axelle-lataix.art\/index.php?rest_route=\/wp\/v2\/pages\/326","targetHints":{"allow":["GET"]}}],"collection":[{"href":"https:\/\/axelle-lataix.art\/index.php?rest_route=\/wp\/v2\/pages"}],"about":[{"href":"https:\/\/axelle-lataix.art\/index.php?rest_route=\/wp\/v2\/types\/page"}],"author":[{"embeddable":true,"href":"https:\/\/axelle-lataix.art\/index.php?rest_route=\/wp\/v2\/users\/1"}],"replies":[{"embeddable":true,"href":"https:\/\/axelle-lataix.art\/index.php?rest_route=%2Fwp%2Fv2%2Fcomments&post=326"}],"version-history":[{"count":22,"href":"https:\/\/axelle-lataix.art\/index.php?rest_route=\/wp\/v2\/pages\/326\/revisions"}],"predecessor-version":[{"id":1005,"href":"https:\/\/axelle-lataix.art\/index.php?rest_route=\/wp\/v2\/pages\/326\/revisions\/1005"}],"wp:attachment":[{"href":"https:\/\/axelle-lataix.art\/index.php?rest_route=%2Fwp%2Fv2%2Fmedia&parent=326"}],"curies":[{"name":"wp","href":"https:\/\/api.w.org\/{rel}","templated":true}]}}